{"id":3354,"date":"2022-03-15T10:22:17","date_gmt":"2022-03-15T13:22:17","guid":{"rendered":"https:\/\/sebraepr.com.br\/soucuritiba\/?page_id=3354"},"modified":"2026-01-29T15:23:03","modified_gmt":"2026-01-29T18:23:03","slug":"inicio","status":"publish","type":"page","link":"https:\/\/sebraepr.com.br\/soucuritiba\/","title":{"rendered":"In\u00edcio"},"content":{"rendered":"\n<style type=\"text\/css\" data-created_by=\"avia_inline_auto\" id=\"style-css-av-l0sh4cid-69f8716ef93dcf86bfff1cd9b8f422d5\">\n.flex_column.av-l0sh4cid-69f8716ef93dcf86bfff1cd9b8f422d5{\nborder-radius:20px 20px 20px 20px;\n-webkit-border-radius:20px 20px 20px 20px;\n-moz-border-radius:20px 20px 20px 20px;\npadding:20px 20px 20px 20px;\nbackground-color:#ffffff;\n}\n<\/style>\n<div class='flex_column av-l0sh4cid-69f8716ef93dcf86bfff1cd9b8f422d5 av_four_fifth  avia-builder-el-0  el_before_av_one_fifth  avia-builder-el-first  first flex_column_div '   ><section  class='av_textblock_section av-l0sh5nhx-4b77e0a3138cd64f241e64634b5a5c19'  itemscope=\"itemscope\" itemtype=\"https:\/\/schema.org\/CreativeWork\" ><div class='avia_textblock'  itemprop=\"text\" ><h1>Sou Curitiba Souvenirs<\/h1>\n<p>O SouCuritiba \u00e9 um projeto de economia criativa que fomenta o desenvolvimento de souvenirs inovadores, gerando oportunidades de neg\u00f3cios para produtores locais.<\/p>\n<p>At\u00e9 o momento foram realizadas nove edi\u00e7\u00f5es (2013 a 2021) que capacitaram mais de 230 produtores, dentre eles designers, artes\u00e3os, publicit\u00e1rios, artistas visuais entre v\u00e1rios outros empreendedores criativos.<\/p>\n<\/div><\/section><\/div>\n<div class='flex_column av-2i2qp6-c7e9bb50234b1687d743dc4a691dc579 av_one_fifth  avia-builder-el-2  el_after_av_four_fifth  el_before_av_hr  flex_column_div '   ><style type=\"text\/css\" data-created_by=\"avia_inline_auto\" id=\"style-css-av-lsue9z3d-e611408613e3c9617f15aa6d68da78c2\">\n.avia-image-container.av-lsue9z3d-e611408613e3c9617f15aa6d68da78c2 .av-image-caption-overlay-center{\ncolor:#ffffff;\n}\n<\/style>\n<div  class='avia-image-container av-lsue9z3d-e611408613e3c9617f15aa6d68da78c2 av-styling- avia-align-center  avia-builder-el-3  avia-builder-el-no-sibling '  itemprop=\"image\" itemscope=\"itemscope\" itemtype=\"https:\/\/schema.org\/ImageObject\" ><div class=\"avia-image-container-inner\"><div class=\"avia-image-overlay-wrap\"><img class='wp-image-3358 avia-img-lazy-loading-not-3358 avia_image' src=\"https:\/\/sebraepr.com.br\/soucuritiba\/wp-content\/uploads\/2022\/03\/favicon.png\" alt='' title='favicon'  height=\"240\" width=\"240\"  itemprop=\"thumbnailUrl\" srcset=\"https:\/\/sebraepr.com.br\/soucuritiba\/wp-content\/uploads\/2022\/03\/favicon.png 240w, https:\/\/sebraepr.com.br\/soucuritiba\/wp-content\/uploads\/2022\/03\/favicon-80x80.png 80w, https:\/\/sebraepr.com.br\/soucuritiba\/wp-content\/uploads\/2022\/03\/favicon-36x36.png 36w, https:\/\/sebraepr.com.br\/soucuritiba\/wp-content\/uploads\/2022\/03\/favicon-180x180.png 180w\" sizes=\"(max-width: 240px) 100vw, 240px\" \/><\/div><\/div><\/div><\/div>\n<div  class='hr av-bw6t56-33cd9201168ac87a05f35cd018f517f9 hr-default  avia-builder-el-4  el_after_av_one_fifth  el_before_av_one_half '><span class='hr-inner '><span class=\"hr-inner-style\"><\/span><\/span><\/div>\n\n<style type=\"text\/css\" data-created_by=\"avia_inline_auto\" id=\"style-css-av-lkcp2y8x-2b8cdd6d17893d4b981ad7ed2745a04c\">\n#top .flex_column.av-lkcp2y8x-2b8cdd6d17893d4b981ad7ed2745a04c{\nmargin-top:20px;\nmargin-bottom:20px;\n}\n.flex_column.av-lkcp2y8x-2b8cdd6d17893d4b981ad7ed2745a04c{\nwidth:49.5%;\nborder-radius:20px 20px 20px 20px;\n-webkit-border-radius:20px 20px 20px 20px;\n-moz-border-radius:20px 20px 20px 20px;\npadding:10px 10px 10px 10px;\nbackground-color:#ffffff;\n}\n.responsive #top #wrap_all .flex_column.av-lkcp2y8x-2b8cdd6d17893d4b981ad7ed2745a04c{\nmargin-top:20px;\nmargin-bottom:20px;\n}\n<\/style>\n<div class='flex_column av-lkcp2y8x-2b8cdd6d17893d4b981ad7ed2745a04c av_one_half  avia-builder-el-5  el_after_av_hr  el_before_av_one_half  first flex_column_div  av-animated-generic bottom-to-top '   ><section  class='av_textblock_section av-lkcssawa-f0156f65577c01af14ea1f84a2dbf28d'  itemscope=\"itemscope\" itemtype=\"https:\/\/schema.org\/CreativeWork\" ><div class='avia_textblock'  itemprop=\"text\" ><p><img loading=\"lazy\" class=\"alignleft size-full wp-image-3795\" src=\"https:\/\/sebraepr.com.br\/soucuritiba\/wp-content\/uploads\/2023\/04\/Nossa-Missao.png\" alt=\"\" width=\"161\" height=\"161\" srcset=\"https:\/\/sebraepr.com.br\/soucuritiba\/wp-content\/uploads\/2023\/04\/Nossa-Missao.png 161w, https:\/\/sebraepr.com.br\/soucuritiba\/wp-content\/uploads\/2023\/04\/Nossa-Missao-80x80.png 80w, https:\/\/sebraepr.com.br\/soucuritiba\/wp-content\/uploads\/2023\/04\/Nossa-Missao-36x36.png 36w\" sizes=\"(max-width: 161px) 100vw, 161px\" \/>Levar Curitiba para mais longe, &#8220;curitibanizando&#8221; cora\u00e7\u00f5es, com inova\u00e7\u00e3o e criatividade em souvenires<\/p>\n<\/div><\/section><\/div>\n\n<style type=\"text\/css\" data-created_by=\"avia_inline_auto\" id=\"style-css-av-acls3u-43790e1f62b70431865ffbe1104eebd7\">\n#top .flex_column.av-acls3u-43790e1f62b70431865ffbe1104eebd7{\nmargin-top:20px;\nmargin-bottom:20px;\n}\n.flex_column.av-acls3u-43790e1f62b70431865ffbe1104eebd7{\nwidth:49.5%;\nmargin-left:1%;\nborder-radius:20px 20px 20px 20px;\n-webkit-border-radius:20px 20px 20px 20px;\n-moz-border-radius:20px 20px 20px 20px;\npadding:10px 10px 10px 10px;\nbackground-color:#ffffff;\n}\n.responsive #top #wrap_all .flex_column.av-acls3u-43790e1f62b70431865ffbe1104eebd7{\nmargin-top:20px;\nmargin-bottom:20px;\n}\n<\/style>\n<div class='flex_column av-acls3u-43790e1f62b70431865ffbe1104eebd7 av_one_half  avia-builder-el-7  el_after_av_one_half  el_before_av_one_half  flex_column_div  av-animated-generic bottom-to-top '   ><section  class='av_textblock_section av-lkcsslrk-ae0016955e60457a02a24eaa62fc6992'  itemscope=\"itemscope\" itemtype=\"https:\/\/schema.org\/CreativeWork\" ><div class='avia_textblock'  itemprop=\"text\" ><p><img loading=\"lazy\" class=\"alignleft size-full wp-image-3793\" src=\"https:\/\/sebraepr.com.br\/soucuritiba\/wp-content\/uploads\/2023\/04\/Nossa-Visao.png\" alt=\"\" width=\"161\" height=\"161\" srcset=\"https:\/\/sebraepr.com.br\/soucuritiba\/wp-content\/uploads\/2023\/04\/Nossa-Visao.png 161w, https:\/\/sebraepr.com.br\/soucuritiba\/wp-content\/uploads\/2023\/04\/Nossa-Visao-80x80.png 80w, https:\/\/sebraepr.com.br\/soucuritiba\/wp-content\/uploads\/2023\/04\/Nossa-Visao-36x36.png 36w\" sizes=\"(max-width: 161px) 100vw, 161px\" \/>Ser a marca de souvenires criativos de Curitiba e \u201ccuritibanizar\u201d o mundo<\/p>\n<\/div><\/section><\/div>\n<div class='flex_column_table av-lkcsv44r-2c4d249895a8f981809a7cfd3df327c5 sc-av_one_half av-equal-height-column-flextable'>\n<style type=\"text\/css\" data-created_by=\"avia_inline_auto\" id=\"style-css-av-lkcsv44r-2c4d249895a8f981809a7cfd3df327c5\">\n#top .flex_column_table.av-equal-height-column-flextable.av-lkcsv44r-2c4d249895a8f981809a7cfd3df327c5{\nmargin-top:20px;\nmargin-bottom:20px;\n}\n.flex_column.av-lkcsv44r-2c4d249895a8f981809a7cfd3df327c5{\nborder-radius:20px 0 0 20px;\n-webkit-border-radius:20px 0 0 20px;\n-moz-border-radius:20px 0 0 20px;\npadding:10px 10px 10px 10px;\nbackground-color:#ffffff;\n}\n<\/style>\n<div class='flex_column av-lkcsv44r-2c4d249895a8f981809a7cfd3df327c5 av_one_half  avia-builder-el-9  el_after_av_one_half  el_before_av_one_half  first no_margin flex_column_table_cell av-equal-height-column av-align-top  av-animated-generic bottom-to-top column-top-margin'   ><section  class='av_textblock_section av-lkcsqnhg-6f571fd5b12fb4c4d22372d912eb4132'  itemscope=\"itemscope\" itemtype=\"https:\/\/schema.org\/CreativeWork\" ><div class='avia_textblock'  itemprop=\"text\" ><p><img loading=\"lazy\" class=\"alignleft size-full wp-image-3796\" src=\"https:\/\/sebraepr.com.br\/soucuritiba\/wp-content\/uploads\/2023\/04\/Nossos-Valores.png\" alt=\"\" width=\"161\" height=\"161\" srcset=\"https:\/\/sebraepr.com.br\/soucuritiba\/wp-content\/uploads\/2023\/04\/Nossos-Valores.png 161w, https:\/\/sebraepr.com.br\/soucuritiba\/wp-content\/uploads\/2023\/04\/Nossos-Valores-80x80.png 80w, https:\/\/sebraepr.com.br\/soucuritiba\/wp-content\/uploads\/2023\/04\/Nossos-Valores-36x36.png 36w\" sizes=\"(max-width: 161px) 100vw, 161px\" \/><\/p>\n<ul>\n<li>Inova\u00e7\u00e3o sempre<\/li>\n<li>Criatividade a todo momento<\/li>\n<li>Identidade genuinamente curitibana<\/li>\n<\/ul>\n<\/div><\/section><\/div>\n\n<style type=\"text\/css\" data-created_by=\"avia_inline_auto\" id=\"style-css-av-lkcsvxn5-4c6bfefd2338a30f74f1885e1bc6808b\">\n#top .flex_column_table.av-equal-height-column-flextable.av-lkcsvxn5-4c6bfefd2338a30f74f1885e1bc6808b{\nmargin-top:20px;\nmargin-bottom:20px;\n}\n.flex_column.av-lkcsvxn5-4c6bfefd2338a30f74f1885e1bc6808b{\nborder-radius:0 20px 20px 0;\n-webkit-border-radius:0 20px 20px 0;\n-moz-border-radius:0 20px 20px 0;\npadding:10px 10px 10px 10px;\nbackground-color:#ffffff;\n}\n<\/style>\n<div class='flex_column av-lkcsvxn5-4c6bfefd2338a30f74f1885e1bc6808b av_one_half  avia-builder-el-11  el_after_av_one_half  el_before_av_one_full  no_margin flex_column_table_cell av-equal-height-column av-align-top  av-animated-generic bottom-to-top column-top-margin'   ><section  class='av_textblock_section av-lkcsu29u-7827874f2901acd274536fad4c06463e'  itemscope=\"itemscope\" itemtype=\"https:\/\/schema.org\/CreativeWork\" ><div class='avia_textblock'  itemprop=\"text\" ><ul>\n<li>Cultivo de parcerias como forma de somar resultados<\/li>\n<li>Amor pela cidade e pelo que fazemos<\/li>\n<li>Trabalho feito por quem mora e vive em Curitiba<\/li>\n<\/ul>\n<\/div><\/section><\/div><\/div><!--close column table wrapper. Autoclose: 1 -->\n<div class='flex_column_table av-8vbhgq-a9a078a317193baa68129ddfafc1b3d8 sc-av_one_full av-equal-height-column-flextable'>\n<style type=\"text\/css\" data-created_by=\"avia_inline_auto\" id=\"style-css-av-8vbhgq-a9a078a317193baa68129ddfafc1b3d8\">\n#top .flex_column_table.av-equal-height-column-flextable.av-8vbhgq-a9a078a317193baa68129ddfafc1b3d8{\nmargin-top:20px;\nmargin-bottom:20px;\n}\n.flex_column.av-8vbhgq-a9a078a317193baa68129ddfafc1b3d8{\nwidth:100%;\nmargin-left:0;\nborder-radius:20px 20px 20px 20px;\n-webkit-border-radius:20px 20px 20px 20px;\n-moz-border-radius:20px 20px 20px 20px;\npadding:20px 20px 20px 20px;\nbackground-color:#ffffff;\n}\n#top .flex_column_table.av-equal-height-column-flextable.av-8vbhgq-a9a078a317193baa68129ddfafc1b3d8 .av-flex-placeholder{\nwidth:0%;\n}\n<\/style>\n<div class='flex_column av-8vbhgq-a9a078a317193baa68129ddfafc1b3d8 av_one_full  avia-builder-el-13  el_after_av_one_half  el_before_av_one_fourth  first flex_column_table_cell av-equal-height-column av-align-top  av-animated-generic bottom-to-top column-top-margin'   ><p>\n<style type=\"text\/css\" data-created_by=\"avia_inline_auto\" id=\"style-css-av-7v61m2-cf3cce7d2b12debd32afc74407130b5d\">\n#top .av-special-heading.av-7v61m2-cf3cce7d2b12debd32afc74407130b5d{\npadding-bottom:10px;\n}\nbody .av-special-heading.av-7v61m2-cf3cce7d2b12debd32afc74407130b5d .av-special-heading-tag .heading-char{\nfont-size:25px;\n}\n.av-special-heading.av-7v61m2-cf3cce7d2b12debd32afc74407130b5d .av-subheading{\nfont-size:15px;\n}\n<\/style>\n<div  class='av-special-heading av-7v61m2-cf3cce7d2b12debd32afc74407130b5d av-special-heading-h3  avia-builder-el-14  el_before_av_textblock  avia-builder-el-first '><h3 class='av-special-heading-tag'  itemprop=\"headline\"  >Objetivos<\/h3><div class=\"special-heading-border\"><div class=\"special-heading-inner-border\"><\/div><\/div><\/div><br \/>\n<section  class='av_textblock_section av-5tmd96-229ddb92f5a0b21125b3c4d5342e3693'  itemscope=\"itemscope\" itemtype=\"https:\/\/schema.org\/CreativeWork\" ><div class='avia_textblock'  itemprop=\"text\" ><p>Ter um conjunto de produtos souvenirs de qualidade, inspirado na identidade curitibana;<\/p>\n<p>Atender \u00e0s necessidades e desejos do mercado tur\u00edstico, materializando suas experi\u00eancias e fortalecendo Curitiba como destino;<\/p>\n<p>Gerar neg\u00f3cios, ampliando as possibilidades de comercializa\u00e7\u00e3o de pequenos produtores locais.<\/p>\n<\/div><\/section><\/p><\/div><\/div><!--close column table wrapper. Autoclose: 1 -->\n<div class='flex_column av-7wgca2-cdefce1724b4c6655f893447d3e2a312 av_one_fourth  avia-builder-el-16  el_after_av_one_full  el_before_av_one_half  first flex_column_div column-top-margin'   ><\/div>\n<div class='flex_column av-5fwjh6-b09925036c9d797c4c4aa9dd627b3e54 av_one_half  avia-builder-el-17  el_after_av_one_fourth  el_before_av_one_fourth  flex_column_div column-top-margin'   ><div  class='avia-builder-widget-area clearfix  avia-builder-el-18  avia-builder-el-no-sibling '><div id=\"html5_cumulus-2\" class=\"widget clearfix html5_cumulus\"><div id=\"html5-cumulus-ffnfbe\">\n<canvas width=\"500\" height=\"400\" id=\"canvas-ffnfbe\" style=\"background-color: none;\">\n<p>Your browser doesn&#039;t support the HTML5 CANVAS tag.<\/p>\n<\/canvas>\n\n<div style=\"display: none\" id=\"tagcloud-ffnfbe\">\n<ul class='wp-tag-cloud' role='list'>\n\t<li><a href=\"https:\/\/sebraepr.com.br\/soucuritiba\/tag\/macrame\/\" class=\"tag-cloud-link tag-link-260 tag-link-position-1\" style=\"font-size: 17.681415929204pt;\" aria-label=\"macrame (3 itens)\">macrame<\/a><\/li>\n\t<li><a href=\"https:\/\/sebraepr.com.br\/soucuritiba\/tag\/marca-pagina\/\" class=\"tag-cloud-link tag-link-93 tag-link-position-2\" style=\"font-size: 17.681415929204pt;\" aria-label=\"marca p\u00e1gina (3 itens)\">marca p\u00e1gina<\/a><\/li>\n\t<li><a href=\"https:\/\/sebraepr.com.br\/soucuritiba\/tag\/adesivos\/\" class=\"tag-cloud-link tag-link-297 tag-link-position-3\" style=\"font-size: 13.008849557522pt;\" aria-label=\"adesivos (2 itens)\">adesivos<\/a><\/li>\n\t<li><a href=\"https:\/\/sebraepr.com.br\/soucuritiba\/tag\/porta-copos\/\" class=\"tag-cloud-link tag-link-117 tag-link-position-4\" style=\"font-size: 24.690265486726pt;\" aria-label=\"porta copos (5 itens)\">porta copos<\/a><\/li>\n\t<li><a href=\"https:\/\/sebraepr.com.br\/soucuritiba\/tag\/ceramica\/\" class=\"tag-cloud-link tag-link-328 tag-link-position-5\" style=\"font-size: 17.681415929204pt;\" aria-label=\"ceramica (3 itens)\">ceramica<\/a><\/li>\n\t<li><a href=\"https:\/\/sebraepr.com.br\/soucuritiba\/tag\/bolsa\/\" class=\"tag-cloud-link tag-link-108 tag-link-position-6\" style=\"font-size: 13.008849557522pt;\" aria-label=\"bolsa (2 itens)\">bolsa<\/a><\/li>\n\t<li><a href=\"https:\/\/sebraepr.com.br\/soucuritiba\/tag\/colar\/\" class=\"tag-cloud-link tag-link-113 tag-link-position-7\" style=\"font-size: 13.008849557522pt;\" aria-label=\"colar (2 itens)\">colar<\/a><\/li>\n\t<li><a href=\"https:\/\/sebraepr.com.br\/soucuritiba\/tag\/encaixe\/\" class=\"tag-cloud-link tag-link-271 tag-link-position-8\" style=\"font-size: 6pt;\" aria-label=\"encaixe (1 item)\">encaixe<\/a><\/li>\n\t<li><a href=\"https:\/\/sebraepr.com.br\/soucuritiba\/tag\/regua-de-crescimento\/\" class=\"tag-cloud-link tag-link-262 tag-link-position-9\" style=\"font-size: 6pt;\" aria-label=\"regua de crescimento (1 item)\">regua de crescimento<\/a><\/li>\n\t<li><a href=\"https:\/\/sebraepr.com.br\/soucuritiba\/tag\/boton\/\" class=\"tag-cloud-link tag-link-92 tag-link-position-10\" style=\"font-size: 21.575221238938pt;\" aria-label=\"boton (4 itens)\">boton<\/a><\/li>\n\t<li><a href=\"https:\/\/sebraepr.com.br\/soucuritiba\/tag\/opera-de-arame\/\" class=\"tag-cloud-link tag-link-46 tag-link-position-11\" style=\"font-size: 13.008849557522pt;\" aria-label=\"\u00f3pera de arame (2 itens)\">\u00f3pera de arame<\/a><\/li>\n\t<li><a href=\"https:\/\/sebraepr.com.br\/soucuritiba\/tag\/chaveiro\/\" class=\"tag-cloud-link tag-link-193 tag-link-position-12\" style=\"font-size: 31.309734513274pt;\" aria-label=\"chaveiro (8 itens)\">chaveiro<\/a><\/li>\n\t<li><a href=\"https:\/\/sebraepr.com.br\/soucuritiba\/tag\/azulejos\/\" class=\"tag-cloud-link tag-link-185 tag-link-position-13\" style=\"font-size: 21.575221238938pt;\" aria-label=\"azulejos (4 itens)\">azulejos<\/a><\/li>\n\t<li><a href=\"https:\/\/sebraepr.com.br\/soucuritiba\/tag\/ima\/\" class=\"tag-cloud-link tag-link-90 tag-link-position-14\" style=\"font-size: 21.575221238938pt;\" aria-label=\"im\u00e3 (4 itens)\">im\u00e3<\/a><\/li>\n\t<li><a href=\"https:\/\/sebraepr.com.br\/soucuritiba\/tag\/cha\/\" class=\"tag-cloud-link tag-link-301 tag-link-position-15\" style=\"font-size: 21.575221238938pt;\" aria-label=\"cha (4 itens)\">cha<\/a><\/li>\n\t<li><a href=\"https:\/\/sebraepr.com.br\/soucuritiba\/tag\/xicara\/\" class=\"tag-cloud-link tag-link-267 tag-link-position-16\" style=\"font-size: 13.008849557522pt;\" aria-label=\"xicara (2 itens)\">xicara<\/a><\/li>\n\t<li><a href=\"https:\/\/sebraepr.com.br\/soucuritiba\/tag\/caderneta\/\" class=\"tag-cloud-link tag-link-281 tag-link-position-17\" style=\"font-size: 13.008849557522pt;\" aria-label=\"caderneta (2 itens)\">caderneta<\/a><\/li>\n\t<li><a href=\"https:\/\/sebraepr.com.br\/soucuritiba\/tag\/mandala\/\" class=\"tag-cloud-link tag-link-169 tag-link-position-18\" style=\"font-size: 24.690265486726pt;\" aria-label=\"mandala (5 itens)\">mandala<\/a><\/li>\n\t<li><a href=\"https:\/\/sebraepr.com.br\/soucuritiba\/tag\/necessaire\/\" class=\"tag-cloud-link tag-link-84 tag-link-position-19\" style=\"font-size: 21.575221238938pt;\" aria-label=\"necessaire (4 itens)\">necessaire<\/a><\/li>\n\t<li><a href=\"https:\/\/sebraepr.com.br\/soucuritiba\/tag\/araucaria\/\" class=\"tag-cloud-link tag-link-173 tag-link-position-20\" style=\"font-size: 21.575221238938pt;\" aria-label=\"araucaria (4 itens)\">araucaria<\/a><\/li>\n\t<li><a href=\"https:\/\/sebraepr.com.br\/soucuritiba\/tag\/pinhao\/\" class=\"tag-cloud-link tag-link-66 tag-link-position-21\" style=\"font-size: 24.690265486726pt;\" aria-label=\"pinh\u00e3o (5 itens)\">pinh\u00e3o<\/a><\/li>\n\t<li><a href=\"https:\/\/sebraepr.com.br\/soucuritiba\/tag\/jogo-americano\/\" class=\"tag-cloud-link tag-link-180 tag-link-position-22\" style=\"font-size: 13.008849557522pt;\" aria-label=\"jogo americano (2 itens)\">jogo americano<\/a><\/li>\n\t<li><a href=\"https:\/\/sebraepr.com.br\/soucuritiba\/tag\/chips\/\" class=\"tag-cloud-link tag-link-259 tag-link-position-23\" style=\"font-size: 6pt;\" aria-label=\"chips (1 item)\">chips<\/a><\/li>\n\t<li><a href=\"https:\/\/sebraepr.com.br\/soucuritiba\/tag\/kit\/\" class=\"tag-cloud-link tag-link-287 tag-link-position-24\" style=\"font-size: 17.681415929204pt;\" aria-label=\"kit (3 itens)\">kit<\/a><\/li>\n\t<li><a href=\"https:\/\/sebraepr.com.br\/soucuritiba\/tag\/pratinho\/\" class=\"tag-cloud-link tag-link-268 tag-link-position-25\" style=\"font-size: 17.681415929204pt;\" aria-label=\"pratinho (3 itens)\">pratinho<\/a><\/li>\n\t<li><a href=\"https:\/\/sebraepr.com.br\/soucuritiba\/tag\/brinquedo\/\" class=\"tag-cloud-link tag-link-263 tag-link-position-26\" style=\"font-size: 21.575221238938pt;\" aria-label=\"brinquedo (4 itens)\">brinquedo<\/a><\/li>\n\t<li><a href=\"https:\/\/sebraepr.com.br\/soucuritiba\/tag\/magnetico\/\" class=\"tag-cloud-link tag-link-166 tag-link-position-27\" style=\"font-size: 17.681415929204pt;\" aria-label=\"magnetico (3 itens)\">magnetico<\/a><\/li>\n\t<li><a href=\"https:\/\/sebraepr.com.br\/soucuritiba\/tag\/fita\/\" class=\"tag-cloud-link tag-link-195 tag-link-position-28\" style=\"font-size: 13.008849557522pt;\" aria-label=\"fita (2 itens)\">fita<\/a><\/li>\n\t<li><a href=\"https:\/\/sebraepr.com.br\/soucuritiba\/tag\/mocho\/\" class=\"tag-cloud-link tag-link-261 tag-link-position-29\" style=\"font-size: 6pt;\" aria-label=\"mocho (1 item)\">mocho<\/a><\/li>\n\t<li><a href=\"https:\/\/sebraepr.com.br\/soucuritiba\/tag\/copo\/\" class=\"tag-cloud-link tag-link-174 tag-link-position-30\" style=\"font-size: 21.575221238938pt;\" aria-label=\"copo (4 itens)\">copo<\/a><\/li>\n\t<li><a href=\"https:\/\/sebraepr.com.br\/soucuritiba\/tag\/prato\/\" class=\"tag-cloud-link tag-link-302 tag-link-position-31\" style=\"font-size: 13.008849557522pt;\" aria-label=\"prato (2 itens)\">prato<\/a><\/li>\n\t<li><a href=\"https:\/\/sebraepr.com.br\/soucuritiba\/tag\/panos\/\" class=\"tag-cloud-link tag-link-187 tag-link-position-32\" style=\"font-size: 21.575221238938pt;\" aria-label=\"panos (4 itens)\">panos<\/a><\/li>\n\t<li><a href=\"https:\/\/sebraepr.com.br\/soucuritiba\/tag\/caju\/\" class=\"tag-cloud-link tag-link-258 tag-link-position-33\" style=\"font-size: 6pt;\" aria-label=\"caju (1 item)\">caju<\/a><\/li>\n\t<li><a href=\"https:\/\/sebraepr.com.br\/soucuritiba\/tag\/caneca\/\" class=\"tag-cloud-link tag-link-189 tag-link-position-34\" style=\"font-size: 27.41592920354pt;\" aria-label=\"caneca (6 itens)\">caneca<\/a><\/li>\n\t<li><a href=\"https:\/\/sebraepr.com.br\/soucuritiba\/tag\/ecobag\/\" class=\"tag-cloud-link tag-link-266 tag-link-position-35\" style=\"font-size: 24.690265486726pt;\" aria-label=\"ecobag (5 itens)\">ecobag<\/a><\/li>\n\t<li><a href=\"https:\/\/sebraepr.com.br\/soucuritiba\/tag\/camiseta\/\" class=\"tag-cloud-link tag-link-91 tag-link-position-36\" style=\"font-size: 21.575221238938pt;\" aria-label=\"camiseta (4 itens)\">camiseta<\/a><\/li>\n\t<li><a href=\"https:\/\/sebraepr.com.br\/soucuritiba\/tag\/bandeira\/\" class=\"tag-cloud-link tag-link-269 tag-link-position-37\" style=\"font-size: 6pt;\" aria-label=\"bandeira (1 item)\">bandeira<\/a><\/li>\n\t<li><a href=\"https:\/\/sebraepr.com.br\/soucuritiba\/tag\/lenco\/\" class=\"tag-cloud-link tag-link-278 tag-link-position-38\" style=\"font-size: 13.008849557522pt;\" aria-label=\"len\u00e7o (2 itens)\">len\u00e7o<\/a><\/li>\n\t<li><a href=\"https:\/\/sebraepr.com.br\/soucuritiba\/tag\/celular\/\" class=\"tag-cloud-link tag-link-196 tag-link-position-39\" style=\"font-size: 13.008849557522pt;\" aria-label=\"celular (2 itens)\">celular<\/a><\/li>\n\t<li><a href=\"https:\/\/sebraepr.com.br\/soucuritiba\/tag\/torre\/\" class=\"tag-cloud-link tag-link-264 tag-link-position-40\" style=\"font-size: 6pt;\" aria-label=\"torre (1 item)\">torre<\/a><\/li>\n\t<li><a href=\"https:\/\/sebraepr.com.br\/soucuritiba\/tag\/estojo\/\" class=\"tag-cloud-link tag-link-279 tag-link-position-41\" style=\"font-size: 13.008849557522pt;\" aria-label=\"estojo (2 itens)\">estojo<\/a><\/li>\n\t<li><a href=\"https:\/\/sebraepr.com.br\/soucuritiba\/tag\/miniatura\/\" class=\"tag-cloud-link tag-link-291 tag-link-position-42\" style=\"font-size: 17.681415929204pt;\" aria-label=\"miniatura (3 itens)\">miniatura<\/a><\/li>\n\t<li><a href=\"https:\/\/sebraepr.com.br\/soucuritiba\/tag\/jogo\/\" class=\"tag-cloud-link tag-link-162 tag-link-position-43\" style=\"font-size: 17.681415929204pt;\" aria-label=\"jogo (3 itens)\">jogo<\/a><\/li>\n\t<li><a href=\"https:\/\/sebraepr.com.br\/soucuritiba\/tag\/porcelana\/\" class=\"tag-cloud-link tag-link-311 tag-link-position-44\" style=\"font-size: 13.008849557522pt;\" aria-label=\"porcelana (2 itens)\">porcelana<\/a><\/li>\n\t<li><a href=\"https:\/\/sebraepr.com.br\/soucuritiba\/tag\/estampa\/\" class=\"tag-cloud-link tag-link-265 tag-link-position-45\" style=\"font-size: 6pt;\" aria-label=\"estampa (1 item)\">estampa<\/a><\/li>\n\t<li><a href=\"https:\/\/sebraepr.com.br\/soucuritiba\/tag\/quebra-cabeca\/\" class=\"tag-cloud-link tag-link-272 tag-link-position-46\" style=\"font-size: 6pt;\" aria-label=\"quebra-cabe\u00e7a (1 item)\">quebra-cabe\u00e7a<\/a><\/li>\n\t<li><a href=\"https:\/\/sebraepr.com.br\/soucuritiba\/tag\/capivara\/\" class=\"tag-cloud-link tag-link-64 tag-link-position-47\" style=\"font-size: 50pt;\" aria-label=\"capivara (26 itens)\">capivara<\/a><\/li>\n\t<li><a href=\"https:\/\/sebraepr.com.br\/soucuritiba\/tag\/biscoitos\/\" class=\"tag-cloud-link tag-link-216 tag-link-position-48\" style=\"font-size: 21.575221238938pt;\" aria-label=\"Biscoitos (4 itens)\">Biscoitos<\/a><\/li>\n\t<li><a href=\"https:\/\/sebraepr.com.br\/soucuritiba\/tag\/patrimonio\/\" class=\"tag-cloud-link tag-link-321 tag-link-position-49\" style=\"font-size: 17.681415929204pt;\" aria-label=\"Patrim\u00f4nio (3 itens)\">Patrim\u00f4nio<\/a><\/li>\n\t<li><a href=\"https:\/\/sebraepr.com.br\/soucuritiba\/tag\/chocolate\/\" class=\"tag-cloud-link tag-link-257 tag-link-position-50\" style=\"font-size: 17.681415929204pt;\" aria-label=\"chocolate (3 itens)\">chocolate<\/a><\/li>\n<\/ul>\n<\/div>\n        <script type=\"text\/javascript\">\n        jQuery(document).ready(function() {\n            if( ! jQuery('#canvas-ffnfbe').tagcanvas({\n                textFont: 'montserrat, Impact,\"Arial Black\",sans-serif',\n                textColour: '#000000',\n                outlineColour: '#000000',\n                reverse: true,\n                textHeight:22,\n                weight:true,weightMode:\"colour\",weightGradient: { 0: \"#f00\", 0.33: \"#ff0\", 0.66: \"#0f0\", 1: \"#00f\" }, \n                shape: \"sphere\", \n                                                depth: 0.8,decel:0.99,padding:0,\n                wheelZoom: false,\n                dragControl: false,\n                fadeIn: 0,\n                freezeActive: false,\n                outlineMethod: \"outline\",\n                outlineOffset: \"5\",\n                outlineRadius: \"0\",\n                outlineThickness: \"2\",\n                maxSpeed: 0.05},'tagcloud-ffnfbe')\n            ){\n                jQuery('#html5-cumulus-ffnfbe').hide();\n            }\n        });\n        <\/script>\n        <\/div><\/div><\/div>\n<div class='flex_column av-348a4a-1bd3dc5a700e52daf837b0d67125f6b4 av_one_fourth  avia-builder-el-19  el_after_av_one_half  avia-builder-el-last  flex_column_div column-top-margin'   ><\/div>\n","protected":false},"excerpt":{"rendered":"","protected":false},"author":10,"featured_media":3358,"parent":0,"menu_order":1,"comment_status":"closed","ping_status":"closed","template":"","meta":[],"_links":{"self":[{"href":"https:\/\/sebraepr.com.br\/soucuritiba\/wp-json\/wp\/v2\/pages\/3354"}],"collection":[{"href":"https:\/\/sebraepr.com.br\/soucuritiba\/wp-json\/wp\/v2\/pages"}],"about":[{"href":"https:\/\/sebraepr.com.br\/soucuritiba\/wp-json\/wp\/v2\/types\/page"}],"author":[{"embeddable":true,"href":"https:\/\/sebraepr.com.br\/soucuritiba\/wp-json\/wp\/v2\/users\/10"}],"replies":[{"embeddable":true,"href":"https:\/\/sebraepr.com.br\/soucuritiba\/wp-json\/wp\/v2\/comments?post=3354"}],"version-history":[{"count":93,"href":"https:\/\/sebraepr.com.br\/soucuritiba\/wp-json\/wp\/v2\/pages\/3354\/revisions"}],"predecessor-version":[{"id":5390,"href":"https:\/\/sebraepr.com.br\/soucuritiba\/wp-json\/wp\/v2\/pages\/3354\/revisions\/5390"}],"wp:featuredmedia":[{"embeddable":true,"href":"https:\/\/sebraepr.com.br\/soucuritiba\/wp-json\/wp\/v2\/media\/3358"}],"wp:attachment":[{"href":"https:\/\/sebraepr.com.br\/soucuritiba\/wp-json\/wp\/v2\/media?parent=3354"}],"curies":[{"name":"wp","href":"https:\/\/api.w.org\/{rel}","templated":true}]}}