{"id":5873,"date":"2023-06-28T08:07:49","date_gmt":"2023-06-28T11:07:49","guid":{"rendered":"https:\/\/sebraepr.com.br\/sebraetec\/?page_id=5873"},"modified":"2024-05-03T10:28:55","modified_gmt":"2024-05-03T13:28:55","slug":"negocios-inovadores","status":"publish","type":"page","link":"https:\/\/sebraepr.com.br\/sebraetec\/negocios-inovadores\/","title":{"rendered":"Neg\u00f3cios Inovadores"},"content":{"rendered":"<div id='full_slider_1'  class='avia-fullwidth-slider main_color avia-shadow av-small-hide av-mini-hide  avia-builder-el-0  el_before_av_section  avia-builder-el-first   container_wrap sidebar_right'  ><div  class='avia-slideshow av-kbten6ge-b78ae3cbe0f4a908789816f1b5cacc46 av-control-default avia-slideshow-no scaling av_slideshow_full avia-slide-slider av-small-hide av-mini-hide av-default-height-applied   avia-slideshow-1'  data-size='no scaling'  data-lightbox_size='large'  data-animation='slide'  data-conditional_play=''  data-ids='5879'  data-video_counter='0'  data-autoplay='false'  data-bg_slider='false'  data-slide_height=''  data-handle='av_slideshow_full'  data-interval='5'  data-class=''  data-extra_class=' '  data-el_id=''  data-css_id=''  data-scroll_down=''  data-control_layout='av-control-default'  data-custom_markup=''  data-perma_caption=''  data-autoplay_stopper=''  data-image_attachment=''  data-min_height='0px'  data-lazy_loading='disabled'  data-default-height='20.833333333333'  data-stretch=''  data-src=''  data-position='top left'  data-repeat='no-repeat'  data-attach='scroll'  data-img_scrset=''  data-av-desktop-hide=''  data-av-medium-hide=''  data-av-small-hide='aviaTBav-small-hide'  data-av-mini-hide='aviaTBav-mini-hide'  data-id=''  data-custom_class=''  data-template_class=''  data-av_uid='av-kbten6ge'  data-sc_version='1.0'  data-heading_tag=''  data-heading_class=''   itemprop=\"image\" itemscope=\"itemscope\" itemtype=\"https:\/\/schema.org\/ImageObject\" ><ul class='avia-slideshow-inner ' style='padding-bottom: 20.833333333333%;'><li  class='avia-slideshow-slide av-kbten6ge-b78ae3cbe0f4a908789816f1b5cacc46__0  av-single-slide slide-1 ' ><div data-rel='slideshow-1' class='avia-slide-wrap '   ><img class=\"wp-image-5879 avia-img-lazy-loading-not-5879\"  src=\"https:\/\/sebraepr.com.br\/sebraetec\/wp-content\/uploads\/2023\/06\/Negocios-Inovadores-Banner.png\" width=\"1920\" height=\"400\" title='Neg\u00f3cios Inovadores Banner' alt=''  itemprop=\"thumbnailUrl\" srcset=\"https:\/\/sebraepr.com.br\/sebraetec\/wp-content\/uploads\/2023\/06\/Negocios-Inovadores-Banner.png 1920w, https:\/\/sebraepr.com.br\/sebraetec\/wp-content\/uploads\/2023\/06\/Negocios-Inovadores-Banner-300x63.png 300w, https:\/\/sebraepr.com.br\/sebraetec\/wp-content\/uploads\/2023\/06\/Negocios-Inovadores-Banner-1030x215.png 1030w, https:\/\/sebraepr.com.br\/sebraetec\/wp-content\/uploads\/2023\/06\/Negocios-Inovadores-Banner-768x160.png 768w, https:\/\/sebraepr.com.br\/sebraetec\/wp-content\/uploads\/2023\/06\/Negocios-Inovadores-Banner-1536x320.png 1536w, https:\/\/sebraepr.com.br\/sebraetec\/wp-content\/uploads\/2023\/06\/Negocios-Inovadores-Banner-1500x313.png 1500w, https:\/\/sebraepr.com.br\/sebraetec\/wp-content\/uploads\/2023\/06\/Negocios-Inovadores-Banner-705x147.png 705w\" sizes=\"(max-width: 1920px) 100vw, 1920px\" \/><\/div><\/li><\/ul><\/div><\/div>\n\n<style type=\"text\/css\" data-created_by=\"avia_inline_auto\" id=\"style-css-av-kbthfrnr-6fda2452b2d59c1ddb671fb4f68d0949\">\n.avia-section.av-kbthfrnr-6fda2452b2d59c1ddb671fb4f68d0949{\nbackground-color:#ffffff;\nbackground-image:unset;\n}\n<\/style>\n<div id='av_section_1'  class='avia-section av-kbthfrnr-6fda2452b2d59c1ddb671fb4f68d0949 main_color avia-section-default avia-no-border-styling  avia-builder-el-1  el_after_av_slideshow_full  el_before_av_section  avia-bg-style-scroll container_wrap sidebar_right'  ><div class='container av-section-cont-open' ><div class='template-page content  av-content-small alpha units'><div class='post-entry post-entry-type-page post-entry-5873'><div class='entry-content-wrapper clearfix'>\n\n<style type=\"text\/css\" data-created_by=\"avia_inline_auto\" id=\"style-css-av-kc5517xl-f7fb65295f2fd994aa0045eac7a18f15\">\n.flex_column.av-kc5517xl-f7fb65295f2fd994aa0045eac7a18f15{\nborder-radius:0px 0px 0px 0px;\n-webkit-border-radius:0px 0px 0px 0px;\n-moz-border-radius:0px 0px 0px 0px;\npadding:20px 20px 20px 20px;\nbackground-color:#e31e47;\n}\n<\/style>\n<div class='flex_column av-kc5517xl-f7fb65295f2fd994aa0045eac7a18f15 av_one_half  avia-builder-el-2  el_before_av_one_half  avia-builder-el-first  first flex_column_div  av-animated-generic right-to-left '   ><style type=\"text\/css\" data-created_by=\"avia_inline_auto\" id=\"style-css-av-kc54uoxs-61d636aaa1b4748de3a5e75da2b85f1b\">\n#top .av_textblock_section.av-kc54uoxs-61d636aaa1b4748de3a5e75da2b85f1b .avia_textblock{\ncolor:#ffffff;\n}\n<\/style>\n<section  class='av_textblock_section av-kc54uoxs-61d636aaa1b4748de3a5e75da2b85f1b'  itemscope=\"itemscope\" itemtype=\"https:\/\/schema.org\/CreativeWork\" ><div class='avia_textblock av_inherit_color'  itemprop=\"text\" ><p>Foco na atua\u00e7\u00e3o em servi\u00e7os de desenvolvimento tecnol\u00f3gico para empreendimentos inovadores.<\/p>\n<\/div><\/section><\/div>\n<style type=\"text\/css\" data-created_by=\"avia_inline_auto\" id=\"style-css-av-ll3qy2v7-f2c333fa33495f4bb64a4390a0650e57\">\n.flex_column.av-ll3qy2v7-f2c333fa33495f4bb64a4390a0650e57{\nborder-radius:0px 0px 0px 0px;\n-webkit-border-radius:0px 0px 0px 0px;\n-moz-border-radius:0px 0px 0px 0px;\npadding:20px 20px 20px 20px;\n}\n<\/style>\n<div class='flex_column av-ll3qy2v7-f2c333fa33495f4bb64a4390a0650e57 av_one_half  avia-builder-el-4  el_after_av_one_half  avia-builder-el-last  flex_column_div  av-animated-generic right-to-left '   ><\/div>\n\n<\/div><\/div><\/div><!-- close content main div --><\/div><\/div>\n<style type=\"text\/css\" data-created_by=\"avia_inline_auto\" id=\"style-css-av-kbtio11u-f45b4156fb3993cca88e83d655194ee1\">\n.avia-section.av-kbtio11u-f45b4156fb3993cca88e83d655194ee1{\nbackground-color:#ffffff;\nbackground-image:unset;\n}\n<\/style>\n<div id='av_section_2'  class='avia-section av-kbtio11u-f45b4156fb3993cca88e83d655194ee1 main_color avia-section-default avia-no-border-styling  avia-builder-el-5  el_after_av_section  el_before_av_postcontent  avia-bg-style-scroll container_wrap sidebar_right'  ><div class='container av-section-cont-open' ><div class='template-page content  av-content-small alpha units'><div class='post-entry post-entry-type-page post-entry-5873'><div class='entry-content-wrapper clearfix'>\n\n<style type=\"text\/css\" data-created_by=\"avia_inline_auto\" id=\"style-css-av-795nvg-b006b3c521b196c12e1c12b735ef6db4\">\n.flex_column.av-795nvg-b006b3c521b196c12e1c12b735ef6db4{\nborder-radius:0px 0px 0px 0px;\n-webkit-border-radius:0px 0px 0px 0px;\n-moz-border-radius:0px 0px 0px 0px;\n}\n<\/style>\n<div class='flex_column av-795nvg-b006b3c521b196c12e1c12b735ef6db4 av_one_fifth  avia-builder-el-6  el_before_av_one_fifth  avia-builder-el-first  first flex_column_div av-zero-column-padding '   ><\/div>\n<style type=\"text\/css\" data-created_by=\"avia_inline_auto\" id=\"style-css-av-q0le-dea35081562f0d71ec2416ac3fc5b5c0\">\n.flex_column.av-q0le-dea35081562f0d71ec2416ac3fc5b5c0{\nborder-radius:10px 10px 10px 10px;\n-webkit-border-radius:10px 10px 10px 10px;\n-moz-border-radius:10px 10px 10px 10px;\npadding:10px 10px 10px 10px;\nbackground-color:#f2f4f5;\n}\n<\/style>\n<div class='flex_column av-q0le-dea35081562f0d71ec2416ac3fc5b5c0 av_one_fifth  avia-builder-el-7  el_after_av_one_fifth  el_before_av_one_fifth  flex_column_div  av-animated-generic bottom-to-top '   ><style type=\"text\/css\" data-created_by=\"avia_inline_auto\" id=\"style-css-av-kcklvc44-7683f42b926ac9c518ebae3fde015375\">\n#top .av_textblock_section.av-kcklvc44-7683f42b926ac9c518ebae3fde015375 .avia_textblock{\ncolor:#e31e47;\n}\n<\/style>\n<section  class='av_textblock_section av-kcklvc44-7683f42b926ac9c518ebae3fde015375'  itemscope=\"itemscope\" itemtype=\"https:\/\/schema.org\/CreativeWork\" ><div class='avia_textblock av_inherit_color'  itemprop=\"text\" ><p style=\"text-align: center;\">VALIDA\u00c7\u00c3O DO NEG\u00d3CIO<\/p>\n<\/div><\/section><br \/>\n\n<style type=\"text\/css\" data-created_by=\"avia_inline_auto\" id=\"style-css-av-kcklvc44-4-4af4bdd56651101d20f971d6f68d2d6f\">\n#top .av_textblock_section.av-kcklvc44-4-4af4bdd56651101d20f971d6f68d2d6f .avia_textblock{\nfont-size:12px;\n}\n<\/style>\n<section  class='av_textblock_section av-kcklvc44-4-4af4bdd56651101d20f971d6f68d2d6f'  itemscope=\"itemscope\" itemtype=\"https:\/\/schema.org\/CreativeWork\" ><div class='avia_textblock'  itemprop=\"text\" ><p>Apoiar a estrutura\u00e7\u00e3o e desenvolvimento de empreendimentos inovadores em est\u00e1gio inicial, atrav\u00e9s de consultoria especializada para valida\u00e7\u00e3o do neg\u00f3cio.<\/p>\n<\/div><\/section><br \/>\n<div  class='avia-button-wrap avia-button-center  avia-builder-el-10  el_after_av_textblock  avia-builder-el-last ' >\n<style type=\"text\/css\" data-created_by=\"avia_inline_auto\" id=\"style-css-av-kcklxddx-048137f1643324f981e3c7e3096d5a34\">\n#top #wrap_all .avia-button.av-kcklxddx-048137f1643324f981e3c7e3096d5a34{\nbackground-color:#e31e47;\nborder-color:#e31e47;\ncolor:#ffffff;\ntransition:all 0.4s ease-in-out;\n-webkit-transition:all 0.4s ease-in-out;\n-moz-transition:all 0.4s ease-in-out;\n-ms-transition:all 0.4s ease-in-out;\n-o-transition:all 0.4s ease-in-out;\n}\n<\/style>\n<a href='https:\/\/www.sebraepr.com.br\/arquivo\/sebraetec-validacao-do-negocio\/' class='avia-button av-kcklxddx-048137f1643324f981e3c7e3096d5a34 avia-icon_select-yes-left-icon avia-size-small avia-position-center' target=\"_blank\" rel=\"noopener noreferrer\"><span class='avia_button_icon avia_button_icon_left' aria-hidden='true' data-av_icon='\ue87f' data-av_iconfont='entypo-fontello'><\/span><span class='avia_iconbox_title' >baixar<\/span><\/a><\/div><\/p><\/div>\n<style type=\"text\/css\" data-created_by=\"avia_inline_auto\" id=\"style-css-av-45wuxt-a890869c38ace5266d00d0a841fc466c\">\n.flex_column.av-45wuxt-a890869c38ace5266d00d0a841fc466c{\nborder-radius:10px 10px 10px 10px;\n-webkit-border-radius:10px 10px 10px 10px;\n-moz-border-radius:10px 10px 10px 10px;\npadding:10px 10px 10px 10px;\nbackground-color:#f2f4f5;\n}\n<\/style>\n<div class='flex_column av-45wuxt-a890869c38ace5266d00d0a841fc466c av_one_fifth  avia-builder-el-11  el_after_av_one_fifth  el_before_av_one_fifth  flex_column_div  av-animated-generic bottom-to-top '   ><style type=\"text\/css\" data-created_by=\"avia_inline_auto\" id=\"style-css-av-ljfn8bye-58864afa1277838ecc4ba7fd76bff4f5\">\n#top .av_textblock_section.av-ljfn8bye-58864afa1277838ecc4ba7fd76bff4f5 .avia_textblock{\ncolor:#e31e47;\n}\n<\/style>\n<section  class='av_textblock_section av-ljfn8bye-58864afa1277838ecc4ba7fd76bff4f5'  itemscope=\"itemscope\" itemtype=\"https:\/\/schema.org\/CreativeWork\" ><div class='avia_textblock av_inherit_color'  itemprop=\"text\" ><p style=\"text-align: center;\">OPERA\u00c7\u00c3O NO MERCADO<\/p>\n<\/div><\/section><br \/>\n\n<style type=\"text\/css\" data-created_by=\"avia_inline_auto\" id=\"style-css-av-ljfn8raz-aca42e49b06d5074ccae031f9fff4127\">\n#top .av_textblock_section.av-ljfn8raz-aca42e49b06d5074ccae031f9fff4127 .avia_textblock{\nfont-size:12px;\n}\n<\/style>\n<section  class='av_textblock_section av-ljfn8raz-aca42e49b06d5074ccae031f9fff4127'  itemscope=\"itemscope\" itemtype=\"https:\/\/schema.org\/CreativeWork\" ><div class='avia_textblock'  itemprop=\"text\" ><p>Apoiar pequenos neg\u00f3cios inovadores que estejam iniciando sua opera\u00e7\u00e3o no mercado, visando promover a estrutura\u00e7\u00e3o, o desenvolvimento tecnol\u00f3gico, o crescimento e o acesso a mercados e a investimentos.<\/p>\n<\/div><\/section><br \/>\n<div  class='avia-button-wrap avia-button-center  avia-builder-el-14  el_after_av_textblock  avia-builder-el-last ' >\n<style type=\"text\/css\" data-created_by=\"avia_inline_auto\" id=\"style-css-av-ljfn9ioe-9fa80dc9fdc22a44c6e2b23797ec3f36\">\n#top #wrap_all .avia-button.av-ljfn9ioe-9fa80dc9fdc22a44c6e2b23797ec3f36{\nbackground-color:#e31e47;\nborder-color:#e31e47;\ncolor:#ffffff;\ntransition:all 0.4s ease-in-out;\n-webkit-transition:all 0.4s ease-in-out;\n-moz-transition:all 0.4s ease-in-out;\n-ms-transition:all 0.4s ease-in-out;\n-o-transition:all 0.4s ease-in-out;\n}\n<\/style>\n<a href='https:\/\/www.sebraepr.com.br\/arquivo\/sebraetec-operacao-no-mercado\/' class='avia-button av-ljfn9ioe-9fa80dc9fdc22a44c6e2b23797ec3f36 avia-icon_select-yes-left-icon avia-size-small avia-position-center' target=\"_blank\" rel=\"noopener noreferrer\"><span class='avia_button_icon avia_button_icon_left' aria-hidden='true' data-av_icon='\ue87f' data-av_iconfont='entypo-fontello'><\/span><span class='avia_iconbox_title' >baixar<\/span><\/a><\/div><\/p><\/div>\n<style type=\"text\/css\" data-created_by=\"avia_inline_auto\" id=\"style-css-av-2cotm9-bffad3549eae9309c34419b67eb1ce11\">\n.flex_column.av-2cotm9-bffad3549eae9309c34419b67eb1ce11{\nborder-radius:10px 10px 10px 10px;\n-webkit-border-radius:10px 10px 10px 10px;\n-moz-border-radius:10px 10px 10px 10px;\npadding:10px 10px 10px 10px;\nbackground-color:#f2f4f5;\n}\n<\/style>\n<div class='flex_column av-2cotm9-bffad3549eae9309c34419b67eb1ce11 av_one_fifth  avia-builder-el-15  el_after_av_one_fifth  el_before_av_one_fifth  flex_column_div  av-animated-generic bottom-to-top '   ><style type=\"text\/css\" data-created_by=\"avia_inline_auto\" id=\"style-css-av-ljfnawv6-702e324bce79821164db8478790fce2f\">\n#top .av_textblock_section.av-ljfnawv6-702e324bce79821164db8478790fce2f .avia_textblock{\ncolor:#e31e47;\n}\n<\/style>\n<section  class='av_textblock_section av-ljfnawv6-702e324bce79821164db8478790fce2f'  itemscope=\"itemscope\" itemtype=\"https:\/\/schema.org\/CreativeWork\" ><div class='avia_textblock av_inherit_color'  itemprop=\"text\" ><p style=\"text-align: center;\">TRA\u00c7\u00c3O E ESCALA NO MERCADO<\/p>\n<\/div><\/section><br \/>\n\n<style type=\"text\/css\" data-created_by=\"avia_inline_auto\" id=\"style-css-av-ljfnb8k0-ce4a9501ebea1be033f625f42f1f8f5c\">\n#top .av_textblock_section.av-ljfnb8k0-ce4a9501ebea1be033f625f42f1f8f5c .avia_textblock{\nfont-size:12px;\n}\n<\/style>\n<section  class='av_textblock_section av-ljfnb8k0-ce4a9501ebea1be033f625f42f1f8f5c'  itemscope=\"itemscope\" itemtype=\"https:\/\/schema.org\/CreativeWork\" ><div class='avia_textblock'  itemprop=\"text\" ><p>Apoiar empreendimentos inovadores que j\u00e1 possuem um modelo de neg\u00f3cio maduro e com potencial de crescimento r\u00e1pido, para desenvolver pontos chave do neg\u00f3cio, ampliar conex\u00f5es e acessar cr\u00e9ditos ou investimentos<\/p>\n<\/div><\/section><br \/>\n<div  class='avia-button-wrap avia-button-center  avia-builder-el-18  el_after_av_textblock  avia-builder-el-last ' >\n<style type=\"text\/css\" data-created_by=\"avia_inline_auto\" id=\"style-css-av-ljfnc209-af20a0cd377d6048a932cc4a7d3e919a\">\n#top #wrap_all .avia-button.av-ljfnc209-af20a0cd377d6048a932cc4a7d3e919a{\nbackground-color:#e31e47;\nborder-color:#e31e47;\ncolor:#ffffff;\ntransition:all 0.4s ease-in-out;\n-webkit-transition:all 0.4s ease-in-out;\n-moz-transition:all 0.4s ease-in-out;\n-ms-transition:all 0.4s ease-in-out;\n-o-transition:all 0.4s ease-in-out;\n}\n<\/style>\n<a href='https:\/\/www.sebraepr.com.br\/arquivo\/sebraetec-tracao-e-escala-no-mercado\/' class='avia-button av-ljfnc209-af20a0cd377d6048a932cc4a7d3e919a avia-icon_select-yes-left-icon avia-size-small avia-position-center' target=\"_blank\" rel=\"noopener noreferrer\"><span class='avia_button_icon avia_button_icon_left' aria-hidden='true' data-av_icon='\ue87f' data-av_iconfont='entypo-fontello'><\/span><span class='avia_iconbox_title' >baixar<\/span><\/a><\/div><\/p><\/div>\n<style type=\"text\/css\" data-created_by=\"avia_inline_auto\" id=\"style-css-av-795nvg-3-3b03396fcca3e6702d92be30abaeaaa6\">\n.flex_column.av-795nvg-3-3b03396fcca3e6702d92be30abaeaaa6{\nborder-radius:0px 0px 0px 0px;\n-webkit-border-radius:0px 0px 0px 0px;\n-moz-border-radius:0px 0px 0px 0px;\n}\n<\/style>\n<div class='flex_column av-795nvg-3-3b03396fcca3e6702d92be30abaeaaa6 av_one_fifth  avia-builder-el-19  el_after_av_one_fifth  avia-builder-el-last  flex_column_div av-zero-column-padding '   ><\/div>[av_section min_height='' min_height_pc='25' min_height_px='500px' padding='default' custom_margin='0px' custom_margin_sync='true' color='main_color' background='bg_color' custom_bg='#efefef' background_gradient_color1='' background_gradient_color2='' background_gradient_direction='vertical' src='' attachment='' attachment_size='' attach='scroll' position='top left' repeat='no-repeat' video='' video_ratio='16:9' overlay_opacity='0.5' overlay_color='' overlay_pattern='' overlay_custom_pattern='' shadow='no-border-styling' bottom_border='no-border-styling' bottom_border_diagonal_color='#333333' bottom_border_diagonal_direction='' bottom_border_style='' custom_arrow_bg='' id='' custom_class='' aria_label='' av_element_hidden_in_editor='0' av_uid='av-kc2aus3d']\r\n\r\n[av_one_fifth first min_height='av-equal-height-column' vertical_alignment='av-align-top' space='no_margin' row_boxshadow_color='' row_boxshadow_width='10' margin='0px' margin_sync='true' mobile_breaking='' border='' border_color='' radius='0px' radius_sync='true' padding='0px' padding_sync='true' column_boxshadow_color='' column_boxshadow_width='10' background='bg_color' background_color='' background_gradient_color1='' background_gradient_color2='' background_gradient_direction='vertical' src='' attachment='' attachment_size='' background_position='top left' background_repeat='no-repeat' highlight_size='1.1' animation='bottom-to-top' link='page,3826' linktarget='' link_hover='' title_attr='' alt_attr='' mobile_display='' id='' custom_class='' aria_label='' av_uid='av-bqr5u']\r\n\r\n[av_image src='https:\/\/sebraepr.com.br\/sebraetec\/wp-content\/uploads\/2020\/06\/icon-design-80x80.png' attachment='4042' attachment_size='thumbnail' copyright='' caption='' styling='' align='center' font_size='' overlay_opacity='0.4' overlay_color='#000000' overlay_text_color='#ffffff' animation='no-animation' hover='' appearance='' link='' target='' id='' custom_class='' av_element_hidden_in_editor='0' av_uid='av-kc2b78sy' admin_preview_bg=''][\/av_image]\r\n\r\n[av_textblock size='' av-medium-font-size='' av-small-font-size='' av-mini-font-size='' font_color='custom' color='#4e257d' id='' custom_class='' av_uid='av-kc2b8n4m' admin_preview_bg='']\r\n<p style=\"text-align: center;\"><strong>design<\/strong><\/p>\r\n[\/av_textblock]\r\n\r\n[\/av_one_fifth][av_one_fifth min_height='' vertical_alignment='av-align-top' space='' row_boxshadow_color='' row_boxshadow_width='10' margin='0px' margin_sync='true' mobile_breaking='' border='' border_color='' radius='0px' radius_sync='true' padding='0px' padding_sync='true' column_boxshadow_color='' column_boxshadow_width='10' background='bg_color' background_color='' background_gradient_color1='' background_gradient_color2='' background_gradient_direction='vertical' src='' attachment='' attachment_size='' background_position='top left' background_repeat='no-repeat' highlight_size='1.1' animation='bottom-to-top' link='page,3941' linktarget='' link_hover='' title_attr='' alt_attr='' mobile_display='' id='' custom_class='' aria_label='' av_uid='av-bqr5u-9']\r\n\r\n[av_image src='https:\/\/sebraepr.com.br\/sebraetec\/wp-content\/uploads\/2020\/06\/icon-tech-80x80.png' attachment='4045' attachment_size='thumbnail' copyright='' caption='' styling='' align='center' font_size='' overlay_opacity='0.4' overlay_color='#000000' overlay_text_color='#ffffff' animation='no-animation' hover='' appearance='' link='' target='' id='' custom_class='' av_element_hidden_in_editor='0' av_uid='av-kc2b78sy-8' admin_preview_bg=''][\/av_image]\r\n\r\n[av_textblock size='' av-medium-font-size='' av-small-font-size='' av-mini-font-size='' font_color='custom' color='#009ee0' id='' custom_class='' av_uid='av-kc2b8n4m-7' admin_preview_bg='']\r\n<p style=\"text-align: center;\"><strong>desenvolvimento tecnol\u00f3gico<\/strong><\/p>\r\n[\/av_textblock]\r\n\r\n[\/av_one_fifth][av_one_fifth min_height='' vertical_alignment='av-align-top' space='' row_boxshadow_color='' row_boxshadow_width='10' margin='0px' margin_sync='true' mobile_breaking='' border='' border_color='' radius='0px' radius_sync='true' padding='0px' padding_sync='true' column_boxshadow_color='' column_boxshadow_width='10' background='bg_color' background_color='' background_gradient_color1='' background_gradient_color2='' background_gradient_direction='vertical' src='' attachment='' attachment_size='' background_position='top left' background_repeat='no-repeat' highlight_size='1.1' animation='bottom-to-top' link='page,3969' linktarget='' link_hover='' title_attr='' alt_attr='' mobile_display='' id='' custom_class='' aria_label='' av_uid='av-bqr5u-6']\r\n\r\n[av_image src='https:\/\/sebraepr.com.br\/sebraetec\/wp-content\/uploads\/2020\/06\/icon-prod-80x80.png' attachment='4043' attachment_size='thumbnail' copyright='' caption='' styling='' align='center' font_size='' overlay_opacity='0.4' overlay_color='#000000' overlay_text_color='#ffffff' animation='no-animation' hover='' appearance='' link='' target='' id='' custom_class='' av_element_hidden_in_editor='0' av_uid='av-kc2b78sy-5' admin_preview_bg=''][\/av_image]\r\n\r\n[av_textblock size='' av-medium-font-size='' av-small-font-size='' av-mini-font-size='' font_color='custom' color='#ee7f00' id='' custom_class='' av_uid='av-kc2b8n4m-4' admin_preview_bg='']\r\n<p style=\"text-align: center;\"><strong>produ\u00e7\u00e3o e qualidade<\/strong><\/p>\r\n[\/av_textblock]\r\n\r\n[\/av_one_fifth][av_one_fifth min_height='' vertical_alignment='av-align-top' space='' row_boxshadow_color='' row_boxshadow_width='10' margin='0px' margin_sync='true' mobile_breaking='' border='' border_color='' radius='0px' radius_sync='true' padding='0px' padding_sync='true' column_boxshadow_color='' column_boxshadow_width='10' background='bg_color' background_color='' background_gradient_color1='' background_gradient_color2='' background_gradient_direction='vertical' src='' attachment='' attachment_size='' background_position='top left' background_repeat='no-repeat' highlight_size='1.1' animation='bottom-to-top' link='page,3996' linktarget='' link_hover='' title_attr='' alt_attr='' mobile_display='' id='' custom_class='' aria_label='' av_uid='av-bqr5u-3']\r\n\r\n[av_image src='https:\/\/sebraepr.com.br\/sebraetec\/wp-content\/uploads\/2020\/06\/icons-sust-80x80.png' attachment='4044' attachment_size='thumbnail' copyright='' caption='' styling='' align='center' font_size='' overlay_opacity='0.4' overlay_color='#000000' overlay_text_color='#ffffff' animation='no-animation' hover='' appearance='' link='' target='' id='' custom_class='' av_element_hidden_in_editor='0' av_uid='av-kc2b78sy-2' admin_preview_bg=''][\/av_image]\r\n\r\n[av_textblock size='' av-medium-font-size='' av-small-font-size='' av-mini-font-size='' font_color='custom' color='#00ad5a' id='' custom_class='' av_uid='av-kc2b8n4m-1' admin_preview_bg='']\r\n<p style=\"text-align: center;\"><strong>sustentabilidade<\/strong><\/p>\r\n[\/av_textblock]\r\n\r\n[\/av_one_fifth][av_one_fifth min_height='' vertical_alignment='av-align-top' space='' row_boxshadow_color='' row_boxshadow_width='10' margin='0px' margin_sync='true' mobile_breaking='' mobile_column_order='' min_col_height='' padding='0px' padding_sync='true' svg_div_top='' svg_div_top_color='#333333' svg_div_top_width='100' svg_div_top_height='50' svg_div_top_max_height='none' svg_div_top_opacity='' svg_div_bottom='' svg_div_bottom_color='#333333' svg_div_bottom_width='100' svg_div_bottom_height='50' svg_div_bottom_max_height='none' svg_div_bottom_opacity='' border='' border_style='solid' border_color='' radius='0px' radius_sync='true' column_boxshadow_color='' column_boxshadow_width='10' background='bg_color' background_color='' background_gradient_direction='vertical' background_gradient_color1='' background_gradient_color2='' background_gradient_color3='' src='' attachment='' attachment_size='' background_position='top left' background_repeat='no-repeat' highlight_size='1.1' animation='bottom-to-top' link='page,5873' linktarget='' link_hover='' title_attr='' alt_attr='' mobile_display='' mobile_col_pos='0' id='' custom_class='' template_class='' aria_label='' av_uid='av-ljfnngc7' sc_version='1.0']\r\n\r\n[av_image src='https:\/\/sebraepr.com.br\/sebraetec\/wp-content\/uploads\/2023\/06\/icon-inov-80x80.png' attachment='5891' attachment_size='thumbnail' copyright='' caption='' image_size='' styling='' align='center' font_size='' overlay_opacity='0.4' overlay_color='#000000' overlay_text_color='#ffffff' animation='no-animation' hover='' appearance='' link='' target='' title_attr='' alt_attr='' img_scrset='' lazy_loading='disabled' id='' custom_class='' template_class='' av_element_hidden_in_editor='0' av_uid='av-ljfnlm6q' sc_version='1.0' admin_preview_bg=''][\/av_image]\r\n\r\n[av_textblock textblock_styling_align='' textblock_styling='' textblock_styling_gap='' textblock_styling_mobile='' size='' av-medium-font-size='' av-small-font-size='' av-mini-font-size='' font_color='custom' color='#e31e47' id='' custom_class='' template_class='' av_uid='av-ljfnmc2d' sc_version='1.0' admin_preview_bg='']\r\n<p style=\"text-align: center;\"><strong>neg\u00f3cios inovadores<\/strong><\/p>\r\n[\/av_textblock]\r\n\r\n[\/av_one_fifth][\/av_section]<\/p>\n","protected":false},"excerpt":{"rendered":"","protected":false},"author":2,"featured_media":0,"parent":0,"menu_order":0,"comment_status":"closed","ping_status":"closed","template":"","meta":[],"_links":{"self":[{"href":"https:\/\/sebraepr.com.br\/sebraetec\/wp-json\/wp\/v2\/pages\/5873"}],"collection":[{"href":"https:\/\/sebraepr.com.br\/sebraetec\/wp-json\/wp\/v2\/pages"}],"about":[{"href":"https:\/\/sebraepr.com.br\/sebraetec\/wp-json\/wp\/v2\/types\/page"}],"author":[{"embeddable":true,"href":"https:\/\/sebraepr.com.br\/sebraetec\/wp-json\/wp\/v2\/users\/2"}],"replies":[{"embeddable":true,"href":"https:\/\/sebraepr.com.br\/sebraetec\/wp-json\/wp\/v2\/comments?post=5873"}],"version-history":[{"count":17,"href":"https:\/\/sebraepr.com.br\/sebraetec\/wp-json\/wp\/v2\/pages\/5873\/revisions"}],"predecessor-version":[{"id":6278,"href":"https:\/\/sebraepr.com.br\/sebraetec\/wp-json\/wp\/v2\/pages\/5873\/revisions\/6278"}],"wp:attachment":[{"href":"https:\/\/sebraepr.com.br\/sebraetec\/wp-json\/wp\/v2\/media?parent=5873"}],"curies":[{"name":"wp","href":"https:\/\/api.w.org\/{rel}","templated":true}]}}