{"id":4067,"date":"2020-06-30T16:33:54","date_gmt":"2020-06-30T19:33:54","guid":{"rendered":"https:\/\/sebraepr.com.br\/sebraetec\/?page_id=4067"},"modified":"2025-01-08T10:07:04","modified_gmt":"2025-01-08T13:07:04","slug":"prestadores-de-servicos","status":"publish","type":"page","link":"https:\/\/sebraepr.com.br\/sebraetec\/prestadores-de-servicos\/","title":{"rendered":"Prestadores de Servi\u00e7os"},"content":{"rendered":"<div id='oquee'  class='avia-section av-4k9cfb-601ccde87d12203988366fd5d1f1ca3b main_color avia-section-default avia-no-border-styling  avia-builder-el-0  avia-builder-el-no-sibling  avia-bg-style-scroll container_wrap sidebar_right'  ><div class=\"av-section-color-overlay-wrap\"><a href='#next-section' title='' class='scroll-down-link ' aria-hidden='true' data-av_icon='\ue877' data-av_iconfont='entypo-fontello'><\/a><div class='container av-section-cont-open' ><main  role=\"main\" itemprop=\"mainContentOfPage\"  class='template-page content  av-content-small alpha units'><div class='post-entry post-entry-type-page post-entry-4067'><div class='entry-content-wrapper clearfix'>\n\n<style type=\"text\/css\" data-created_by=\"avia_inline_auto\" id=\"style-css-av-2ri9gz-60dec3de8f80bc7a62c8cdee18ff307a\">\n#top .av-special-heading.av-2ri9gz-60dec3de8f80bc7a62c8cdee18ff307a{\npadding-bottom:20px;\ncolor:#000000;\n}\nbody .av-special-heading.av-2ri9gz-60dec3de8f80bc7a62c8cdee18ff307a .av-special-heading-tag .heading-char{\nfont-size:25px;\n}\n#top #wrap_all .av-special-heading.av-2ri9gz-60dec3de8f80bc7a62c8cdee18ff307a .av-special-heading-tag{\nfont-size:40px;\n}\n.av-special-heading.av-2ri9gz-60dec3de8f80bc7a62c8cdee18ff307a .special-heading-inner-border{\nborder-color:#000000;\n}\n.av-special-heading.av-2ri9gz-60dec3de8f80bc7a62c8cdee18ff307a .av-subheading{\nfont-size:15px;\n}\n<\/style>\n<div  class='av-special-heading av-2ri9gz-60dec3de8f80bc7a62c8cdee18ff307a av-special-heading-h1 custom-color-heading  avia-builder-el-1  el_before_av_one_full  avia-builder-el-first '><h1 class='av-special-heading-tag'  itemprop=\"headline\"  >Prestadores de Servi\u00e7os<\/h1><div class=\"special-heading-border\"><div class=\"special-heading-inner-border\"><\/div><\/div><\/div>\n\n<style type=\"text\/css\" data-created_by=\"avia_inline_auto\" id=\"style-css-av-2ss4pf-1933c2a7277b5331cf9823266d76dc80\">\n.flex_column.av-2ss4pf-1933c2a7277b5331cf9823266d76dc80{\nborder-radius:0px 0px 0px 0px;\n-webkit-border-radius:0px 0px 0px 0px;\n-moz-border-radius:0px 0px 0px 0px;\n}\n<\/style>\n<div class='flex_column av-2ss4pf-1933c2a7277b5331cf9823266d76dc80 av_one_full  avia-builder-el-2  el_after_av_heading  el_before_av_hr  first flex_column_div av-zero-column-padding '   ><div  class='avia-button-wrap avia-button-center  avia-builder-el-3  avia-builder-el-no-sibling ' ><a href='https:\/\/sebraepr.com.br\/sebraetec\/wp-content\/uploads\/2023\/02\/Edital-Sebraetec-2022-1.pdf'  class='avia-button av-ky8okn7d-d2d25c1d20a9df173cb8b529dc2b5f4c avia-icon_select-no avia-size-x-large avia-position-center avia-color-theme-color'  target=\"_blank\"  rel=\"noopener noreferrer\"><span class='avia_iconbox_title' >NOVO EDITAL SEBRAETEC PR 2022<\/span><\/a><\/div><\/div>\n<style type=\"text\/css\" data-created_by=\"avia_inline_auto\" id=\"style-css-av-kc3i4xxt-fe965250f391244ca16a568da256ae95\">\n#top .hr.hr-invisible.av-kc3i4xxt-fe965250f391244ca16a568da256ae95{\nheight:50px;\n}\n<\/style>\n<div  class='hr av-kc3i4xxt-fe965250f391244ca16a568da256ae95 hr-invisible  avia-builder-el-4  el_after_av_one_full  el_before_av_one_third '><span class='hr-inner '><span class=\"hr-inner-style\"><\/span><\/span><\/div>\n\n<style type=\"text\/css\" data-created_by=\"avia_inline_auto\" id=\"style-css-av-82cz5f-1e6914c52657122cbc09de18cc4319e1\">\n.flex_column.av-82cz5f-1e6914c52657122cbc09de18cc4319e1{\nborder-radius:0px 0px 0px 0px;\n-webkit-border-radius:0px 0px 0px 0px;\n-moz-border-radius:0px 0px 0px 0px;\n}\n<\/style>\n<div class='flex_column av-82cz5f-1e6914c52657122cbc09de18cc4319e1 av_one_third  avia-builder-el-5  el_after_av_hr  el_before_av_one_third  first flex_column_div  av-animated-generic bottom-to-top av-zero-column-padding '   ><section  class='av_textblock_section av-5vqwfn-f53f87fe8a3d098f5e9aa4335a9fb454'  itemscope=\"itemscope\" itemtype=\"https:\/\/schema.org\/CreativeWork\" ><div class='avia_textblock'  itemprop=\"text\" ><p style=\"text-align: center;\">Quero me credenciar como prestador de servi\u00e7o tecnol\u00f3gico do Sebraetec<\/p>\n<\/div><\/section><br \/>\n<div  class='hr av-4hyf43-f19e844ee83af436a186c7f9c043b763 hr-default  avia-builder-el-7  el_after_av_textblock  el_before_av_button '><span class='hr-inner '><span class=\"hr-inner-style\"><\/span><\/span><\/div><br \/>\n<div  class='avia-button-wrap avia-button-center  avia-builder-el-8  el_after_av_hr  avia-builder-el-last ' ><a href='http:\/\/app.pr.sebrae.com.br\/sebraetec\/LoginClienteCredenciamento.do' class='avia-button av-2vev77-03a064cc39a2b9149966fe2af7c5785f avia-icon_select-no avia-size-x-large avia-position-center avia-color-blue' target=\"_blank\" rel=\"noopener noreferrer\"><span class='avia_iconbox_title' >Cadastro de Prestadora de Servi\u00e7os e\/ou \u00c1rea<\/span><\/a><\/div><\/p><\/div>\n<style type=\"text\/css\" data-created_by=\"avia_inline_auto\" id=\"style-css-av-kc3hz7xp-5-d95b4abac725927403cf3a836b4c83b5\">\n.flex_column.av-kc3hz7xp-5-d95b4abac725927403cf3a836b4c83b5{\nborder-radius:0px 0px 0px 0px;\n-webkit-border-radius:0px 0px 0px 0px;\n-moz-border-radius:0px 0px 0px 0px;\n}\n<\/style>\n<div class='flex_column av-kc3hz7xp-5-d95b4abac725927403cf3a836b4c83b5 av_one_third  avia-builder-el-9  el_after_av_one_third  el_before_av_one_third  flex_column_div  av-animated-generic bottom-to-top av-zero-column-padding '   ><section  class='av_textblock_section av-kc3hxvx3-4-18fc8ccf4bddfb27bf9cc97daac8c917'  itemscope=\"itemscope\" itemtype=\"https:\/\/schema.org\/CreativeWork\" ><div class='avia_textblock'  itemprop=\"text\" ><p style=\"text-align: center;\">J\u00e1 sou um Prestador de Servi\u00e7o Tecnol\u00f3gico do Sebraetec credenciado<\/p>\n<\/div><\/section><br \/>\n<div  class='hr av-42mq03-0634f3e7a5cd38af0982abff5d931de6 hr-default  avia-builder-el-11  el_after_av_textblock  el_before_av_button '><span class='hr-inner '><span class=\"hr-inner-style\"><\/span><\/span><\/div><br \/>\n<div  class='avia-button-wrap avia-button-center  avia-builder-el-12  el_after_av_hr  avia-builder-el-last ' ><a href='http:\/\/app.pr.sebrae.com.br\/sebraetec\/LoginCredenciada.do' class='avia-button av-kc3hz051-9e9e7f7e5bcf8e8352c02cc81680754f avia-icon_select-no avia-size-x-large avia-position-center avia-color-green' target=\"_blank\" rel=\"noopener noreferrer\"><span class='avia_iconbox_title' >Login das Prestadoras de Servi\u00e7os Tecnol\u00f3gicos<\/span><\/a><\/div><\/p><\/div>\n<style type=\"text\/css\" data-created_by=\"avia_inline_auto\" id=\"style-css-av-kc3hz7xp-3-63938ca8798da422c3c8577180f648b0\">\n.flex_column.av-kc3hz7xp-3-63938ca8798da422c3c8577180f648b0{\nborder-radius:0px 0px 0px 0px;\n-webkit-border-radius:0px 0px 0px 0px;\n-moz-border-radius:0px 0px 0px 0px;\n}\n<\/style>\n<div class='flex_column av-kc3hz7xp-3-63938ca8798da422c3c8577180f648b0 av_one_third  avia-builder-el-13  el_after_av_one_third  el_before_av_hr  flex_column_div  av-animated-generic bottom-to-top av-zero-column-padding '   ><section  class='av_textblock_section av-kc3hxvx3-2-a7f4d6da9a79ea5a76e4fff173753642'  itemscope=\"itemscope\" itemtype=\"https:\/\/schema.org\/CreativeWork\" ><div class='avia_textblock'  itemprop=\"text\" ><p style=\"text-align: center;\">Rela\u00e7\u00e3o de Prestadores de Servi\u00e7o Tecnol\u00f3gico do Sebraetec<\/p>\n<\/div><\/section><br \/>\n<div  class='hr av-261stv-de15cdb8604a9b4a1522ea99d12b34e1 hr-default  avia-builder-el-15  el_after_av_textblock  el_before_av_button '><span class='hr-inner '><span class=\"hr-inner-style\"><\/span><\/span><\/div><br \/>\n<div  class='avia-button-wrap avia-button-center  avia-builder-el-16  el_after_av_hr  avia-builder-el-last ' ><a href='https:\/\/app2.pr.sebrae.com.br\/sebraetec\/ListarEntidadesCredenciadas.do' class='avia-button av-kc3hz051-1-3a9aa3adf1fed4a99f15ee3672985dee avia-icon_select-no avia-size-x-large avia-position-center avia-color-orange' target=\"_blank\" rel=\"noopener noreferrer\"><span class='avia_iconbox_title' >Lista de Prestadoras de Servi\u00e7os Tecnol\u00f3gicos<\/span><\/a><\/div><\/p><\/div>\n<style type=\"text\/css\" data-created_by=\"avia_inline_auto\" id=\"style-css-av-kc3i4xxt-6-44ce6be6654710a94a0806579dc4ba56\">\n#top .hr.hr-invisible.av-kc3i4xxt-6-44ce6be6654710a94a0806579dc4ba56{\nheight:50px;\n}\n<\/style>\n<div  class='hr av-kc3i4xxt-6-44ce6be6654710a94a0806579dc4ba56 hr-invisible  avia-builder-el-17  el_after_av_one_third  avia-builder-el-last '><span class='hr-inner '><span class=\"hr-inner-style\"><\/span><\/span><\/div>\n<\/div><\/div><\/main><!-- close content main element --><\/div><\/div><\/div><div id='after_section_1'  class='main_color av_default_container_wrap container_wrap sidebar_right'  ><div class='container av-section-cont-open' ><div class='template-page content  av-content-small alpha units'><div class='post-entry post-entry-type-page post-entry-4067'><div class='entry-content-wrapper clearfix'>\n","protected":false},"excerpt":{"rendered":"","protected":false},"author":1,"featured_media":0,"parent":0,"menu_order":0,"comment_status":"closed","ping_status":"closed","template":"","meta":[],"_links":{"self":[{"href":"https:\/\/sebraepr.com.br\/sebraetec\/wp-json\/wp\/v2\/pages\/4067"}],"collection":[{"href":"https:\/\/sebraepr.com.br\/sebraetec\/wp-json\/wp\/v2\/pages"}],"about":[{"href":"https:\/\/sebraepr.com.br\/sebraetec\/wp-json\/wp\/v2\/types\/page"}],"author":[{"embeddable":true,"href":"https:\/\/sebraepr.com.br\/sebraetec\/wp-json\/wp\/v2\/users\/1"}],"replies":[{"embeddable":true,"href":"https:\/\/sebraepr.com.br\/sebraetec\/wp-json\/wp\/v2\/comments?post=4067"}],"version-history":[{"count":54,"href":"https:\/\/sebraepr.com.br\/sebraetec\/wp-json\/wp\/v2\/pages\/4067\/revisions"}],"predecessor-version":[{"id":6347,"href":"https:\/\/sebraepr.com.br\/sebraetec\/wp-json\/wp\/v2\/pages\/4067\/revisions\/6347"}],"wp:attachment":[{"href":"https:\/\/sebraepr.com.br\/sebraetec\/wp-json\/wp\/v2\/media?parent=4067"}],"curies":[{"name":"wp","href":"https:\/\/api.w.org\/{rel}","templated":true}]}}