{"id":2,"date":"2017-11-09T13:01:57","date_gmt":"2017-11-09T15:01:57","guid":{"rendered":"https:\/\/sebraepr.com.br\/credenciamento\/?page_id=2"},"modified":"2025-07-02T11:19:18","modified_gmt":"2025-07-02T14:19:18","slug":"edital","status":"publish","type":"page","link":"https:\/\/sebraepr.com.br\/credenciamento\/edital\/","title":{"rendered":"Edital"},"content":{"rendered":"<h2>O que \u00e9?<\/h2>\n<p>O Edital \u00e9 o documento que descreve o processo para o credenciamento de empresas prestadoras de servi\u00e7os de Consultoria, Conteudista, Coaching, Instrutoria, orienta\u00e7\u00e3o e\/ou Tutoria, regido pelos princ\u00edpios b\u00e1sicos da legalidade, igualdade, impessoalidade, publicidade e moralidade.<\/p>\n<h2>Qual \u00e9 o objetivo?<\/h2>\n<p>Integrar o nosso cadastro de pessoas jur\u00eddicas credenciadas. Dessa forma, o Sebrae\/PR tem acesso a um banco de empresas devidamente habilitadas para prestar servi\u00e7os especializados, sempre que houver necessidade. Um procedimento pr\u00e1tico e inteligente.<\/p>\n<h2>Para quem \u00e9?<\/h2>\n<p>Pessoas Jur\u00eddicas legalmente constitu\u00eddas no Pa\u00eds.<\/p>\n<p><strong>Inscreva a sua empresa:&nbsp;<\/strong><\/p>\n<div class=\"btn-geral\"><a href=\"https:\/\/sebraepr.com.br\/credenciamento\/cadastro\/\">Clique aqui<\/a><\/div>\n\n\n<p><\/p>\n","protected":false},"excerpt":{"rendered":"<p>O que \u00e9? O Edital \u00e9 o documento que descreve o processo para o credenciamento de empresas prestadoras de servi\u00e7os de Consultoria, Conteudista, Coaching, Instrutoria, orienta\u00e7\u00e3o e\/ou Tutoria, regido pelos princ\u00edpios b\u00e1sicos da legalidade, igualdade, impessoalidade, publicidade e moralidade. Qual \u00e9 o objetivo? Integrar o nosso cadastro de pessoas jur\u00eddicas credenciadas. Dessa forma, o Sebrae\/PR [&hellip;]<\/p>\n","protected":false},"author":2,"featured_media":0,"parent":0,"menu_order":0,"comment_status":"closed","ping_status":"open","template":"page_edital.php","meta":[],"_links":{"self":[{"href":"https:\/\/sebraepr.com.br\/credenciamento\/wp-json\/wp\/v2\/pages\/2"}],"collection":[{"href":"https:\/\/sebraepr.com.br\/credenciamento\/wp-json\/wp\/v2\/pages"}],"about":[{"href":"https:\/\/sebraepr.com.br\/credenciamento\/wp-json\/wp\/v2\/types\/page"}],"author":[{"embeddable":true,"href":"https:\/\/sebraepr.com.br\/credenciamento\/wp-json\/wp\/v2\/users\/2"}],"replies":[{"embeddable":true,"href":"https:\/\/sebraepr.com.br\/credenciamento\/wp-json\/wp\/v2\/comments?post=2"}],"version-history":[{"count":87,"href":"https:\/\/sebraepr.com.br\/credenciamento\/wp-json\/wp\/v2\/pages\/2\/revisions"}],"predecessor-version":[{"id":49238,"href":"https:\/\/sebraepr.com.br\/credenciamento\/wp-json\/wp\/v2\/pages\/2\/revisions\/49238"}],"wp:attachment":[{"href":"https:\/\/sebraepr.com.br\/credenciamento\/wp-json\/wp\/v2\/media?parent=2"}],"curies":[{"name":"wp","href":"https:\/\/api.w.org\/{rel}","templated":true}]}}